{"id":645,"date":"2024-11-06T19:14:19","date_gmt":"2024-11-06T18:14:19","guid":{"rendered":"https:\/\/myoalert.com\/?page_id=645"},"modified":"2025-02-10T09:33:46","modified_gmt":"2025-02-10T08:33:46","slug":"mentions-legales","status":"publish","type":"page","link":"https:\/\/myoalert.com\/en\/mentions-legales\/","title":{"rendered":"Legal Notices"},"content":{"rendered":"\t\t<div data-elementor-type=\"wp-page\" data-elementor-id=\"645\" class=\"elementor elementor-645\" data-elementor-post-type=\"page\">\n\t\t\t\t<div class=\"elementor-element elementor-element-4733699 e-flex e-con-boxed e-con e-parent\" data-id=\"4733699\" data-element_type=\"container\" data-e-type=\"container\">\n\t\t\t\t\t<div class=\"e-con-inner\">\n\t\t<div class=\"elementor-element elementor-element-30a1415 e-con-full e-flex e-con e-child\" data-id=\"30a1415\" data-element_type=\"container\" data-e-type=\"container\">\n\t\t<div class=\"jet-sticky-column-sticky elementor-element elementor-element-701bfdf e-con-full e-flex e-con e-child\" data-jet-sticky-column-settings=\"{&quot;id&quot;:&quot;701bfdf&quot;,&quot;sticky&quot;:true,&quot;topSpacing&quot;:150,&quot;bottomSpacing&quot;:0,&quot;stickyOn&quot;:[&quot;desktop&quot;,&quot;tablet&quot;]}\" data-id=\"701bfdf\" data-element_type=\"container\" data-e-type=\"container\">\n\t\t\t\t<div class=\"elementor-element elementor-element-7de7d7b elementor-widget elementor-widget-heading\" data-id=\"7de7d7b\" data-element_type=\"widget\" data-e-type=\"widget\" data-widget_type=\"heading.default\">\n\t\t\t\t<div class=\"elementor-widget-container\">\n\t\t\t\t\t<h1 class=\"elementor-heading-title elementor-size-default\">Mentions L\u00e9gales<\/h1>\t\t\t\t<\/div>\n\t\t\t\t<\/div>\n\t\t\t\t<div class=\"elementor-element elementor-element-01d8902 elementor-widget elementor-widget-text-editor\" data-id=\"01d8902\" data-element_type=\"widget\" data-e-type=\"widget\" data-widget_type=\"text-editor.default\">\n\t\t\t\t<div class=\"elementor-widget-container\">\n\t\t\t\t\t\t\t\t\t<p class=\"text-styles-preset-reset\" data-styles-preset=\"reset\"><strong>Raison Sociale :<\/strong> PL EXPERIENCE<br \/><span style=\"font-size: 16px;\"><strong>Statut Juridique :<\/strong>\u00a0Soci\u00e9t\u00e9 \u00e0 responsabilit\u00e9 limit\u00e9e<br \/><\/span><strong>Directeur de Publication :<\/strong> Philippe Luc<br \/><strong>Adresse : <\/strong>39 Chemin du Mascon, 06200 Nice<span style=\"font-size: 16px;\"><br \/><\/span><strong>Email :<\/strong>\u00a0contac@myoalert.com<br \/><strong>SIREN :<\/strong>\u00a0933 507 543<\/p><p><!--framer-rich-text--><\/p>\t\t\t\t\t\t\t\t<\/div>\n\t\t\t\t<\/div>\n\t\t\t\t<\/div>\n\t\t\t\t<\/div>\n\t\t<div class=\"elementor-element elementor-element-a7909fa e-con-full e-flex e-con e-child\" data-id=\"a7909fa\" data-element_type=\"container\" data-e-type=\"container\">\n\t\t\t\t<div class=\"elementor-element elementor-element-727dd31 elementor-widget elementor-widget-text-editor\" data-id=\"727dd31\" data-element_type=\"widget\" data-e-type=\"widget\" data-widget_type=\"text-editor.default\">\n\t\t\t\t<div class=\"elementor-widget-container\">\n\t\t\t\t\t\t\t\t\t<ol data-styles-preset=\"reset\" data-pm-slice=\"3 1 []\"><li data-styles-preset=\"reset\"><p data-styles-preset=\"reset\"><strong>H\u00c9BERGEMENT DU SITE<\/strong><\/p><\/li><\/ol><p data-styles-preset=\"reset\">H\u00e9bergeur : PL EXPERIENCE<br \/>Site Web : N\/A<br \/>Si\u00e8ge Social : 39 ch du Mascon, 06200 NICE<\/p><ol start=\"2\" data-styles-preset=\"reset\"><li data-styles-preset=\"reset\"><p data-styles-preset=\"reset\"><strong>PROPRI\u00c9T\u00c9 INTELLECTUELLE<\/strong><\/p><\/li><\/ol><p data-styles-preset=\"reset\">Tous les contenus (textes, images, graphismes, logos, ic\u00f4nes, sons, logiciels, etc.) pr\u00e9sents sur le Site sont prot\u00e9g\u00e9s par les lois en vigueur en France en mati\u00e8re de propri\u00e9t\u00e9 intellectuelle et sont la propri\u00e9t\u00e9 exclusive de PL EXPERIENCE.<\/p><p data-styles-preset=\"reset\">Toute reproduction, repr\u00e9sentation, modification, publication, adaptation totale ou partielle des \u00e9l\u00e9ments du Site, quel que soit le moyen ou le proc\u00e9d\u00e9 utilis\u00e9, est interdite, sauf autorisation \u00e9crite pr\u00e9alable de PL EXPERIENCE.<\/p><ol start=\"3\" data-styles-preset=\"reset\"><li data-styles-preset=\"reset\"><p data-styles-preset=\"reset\"><strong>DONN\u00c9ES PERSONNELLES<\/strong><\/p><\/li><\/ol><p data-styles-preset=\"S7SpmNBAu\">Les informations personnelles collect\u00e9es via le Site sont destin\u00e9es uniquement \u00e0 l\u2019usage de PL EXPERIENCE dans le cadre des services propos\u00e9s sur le Site et respectent les dispositions du R\u00e8glement G\u00e9n\u00e9ral sur la Protection des Donn\u00e9es (RGPD).<\/p><p data-styles-preset=\"reset\">Responsable du traitement : Philippe Luc<\/p><p data-styles-preset=\"reset\">Droit d\u2019acc\u00e8s, de rectification et de suppression : Conform\u00e9ment aux lois en vigueur, vous disposez d\u2019un droit d\u2019acc\u00e8s, de rectification, de suppression et de portabilit\u00e9 des donn\u00e9es personnelles vous concernant. Vous pouvez exercer ces droits en nous contactant \u00e0 l\u2019adresse suivante : contact@myoalert.com<\/p><ol start=\"4\" data-styles-preset=\"reset\"><li data-styles-preset=\"reset\"><p data-styles-preset=\"reset\"><strong>RESPONSABILIT\u00c9<\/strong><\/p><\/li><\/ol><p data-styles-preset=\"S7SpmNBAu\">PL EXPERIENCE ne peut \u00eatre tenu responsable des dommages directs ou indirects caus\u00e9s au mat\u00e9riel de l\u2019utilisateur lors de l\u2019acc\u00e8s au Site, r\u00e9sultant soit de l\u2019utilisation d\u2019un mat\u00e9riel ne r\u00e9pondant pas aux sp\u00e9cifications indiqu\u00e9es ci-dessus, soit de l\u2019apparition d\u2019un bug ou d\u2019une incompatibilit\u00e9.<\/p><p data-styles-preset=\"reset\">PL EXPERIENCE ne pourra \u00e9galement \u00eatre tenu responsable des dommages indirects cons\u00e9cutifs \u00e0 l\u2019utilisation du Site.<\/p><ol start=\"5\" data-styles-preset=\"reset\"><li data-styles-preset=\"reset\"><p data-styles-preset=\"reset\"><strong>LIENS HYPERTEXTES ET COOKIES<\/strong><\/p><\/li><\/ol><p data-styles-preset=\"S7SpmNBAu\">Le Site contient des liens hypertextes vers d\u2019autres sites. PL EXPERIENCE ne peut \u00eatre tenu responsable du contenu de ces sites externes ni de leur politique de confidentialit\u00e9.<\/p><p data-styles-preset=\"reset\">Cookies : Le Site utilise des cookies pour am\u00e9liorer la navigation et optimiser les services. Vous pouvez configurer votre navigateur pour refuser les cookies ou les supprimer en suivant les instructions fournies par votre navigateur.<\/p><ol start=\"6\" data-styles-preset=\"reset\"><li data-styles-preset=\"reset\"><p data-styles-preset=\"reset\"><strong>MODIFICATION DES MENTIONS L\u00c9GALES<\/strong><\/p><\/li><\/ol><p data-styles-preset=\"S7SpmNBAu\">PL EXPERIENCE se r\u00e9serve le droit de modifier les pr\u00e9sentes mentions l\u00e9gales \u00e0 tout moment. Les modifications entrent en vigueur d\u00e8s leur publication sur le Site.<\/p><ol start=\"7\" data-styles-preset=\"reset\"><li data-styles-preset=\"reset\"><p data-styles-preset=\"reset\"><strong>DROIT APPLICABLE ET JURIDICTION COMP\u00c9TENTE<\/strong><\/p><\/li><\/ol><p data-styles-preset=\"S7SpmNBAu\">Les pr\u00e9sentes mentions l\u00e9gales sont soumises \u00e0 la loi fran\u00e7aise. En cas de litige, et \u00e0 d\u00e9faut de solution amiable, comp\u00e9tence exclusive est attribu\u00e9e aux tribunaux fran\u00e7ais.<\/p><p data-styles-preset=\"reset\"><em>Derni\u00e8re mise \u00e0 jour le 06.11.2024<\/em><\/p><p><!--framer-rich-text--><\/p>\t\t\t\t\t\t\t\t<\/div>\n\t\t\t\t<\/div>\n\t\t\t\t<\/div>\n\t\t\t\t\t<\/div>\n\t\t\t\t<\/div>\n\t\t\t\t<\/div>\n\t\t","protected":false},"excerpt":{"rendered":"<p>Mentions L\u00e9gales Raison Sociale : PL EXPERIENCEStatut Juridique :\u00a0Soci\u00e9t\u00e9 \u00e0 responsabilit\u00e9 limit\u00e9eDirecteur de Publication : Philippe LucAdresse : 39 Chemin [&hellip;]<\/p>\n","protected":false},"author":2,"featured_media":0,"parent":0,"menu_order":0,"comment_status":"closed","ping_status":"closed","template":"","meta":{"site-sidebar-layout":"no-sidebar","site-content-layout":"","ast-site-content-layout":"full-width-container","site-content-style":"default","site-sidebar-style":"default","ast-global-header-display":"","ast-banner-title-visibility":"","ast-main-header-display":"","ast-hfb-above-header-display":"","ast-hfb-below-header-display":"","ast-hfb-mobile-header-display":"","site-post-title":"disabled","ast-breadcrumbs-content":"","ast-featured-img":"disabled","footer-sml-layout":"","ast-disable-related-posts":"","theme-transparent-header-meta":"","adv-header-id-meta":"","stick-header-meta":"","header-above-stick-meta":"","header-main-stick-meta":"","header-below-stick-meta":"","astra-migrate-meta-layouts":"default","ast-page-background-enabled":"default","ast-page-background-meta":{"desktop":{"background-color":"var(--ast-global-color-4)","background-image":"","background-repeat":"repeat","background-position":"center center","background-size":"auto","background-attachment":"scroll","background-type":"","background-media":"","overlay-type":"","overlay-color":"","overlay-opacity":"","overlay-gradient":""},"tablet":{"background-color":"","background-image":"","background-repeat":"repeat","background-position":"center center","background-size":"auto","background-attachment":"scroll","background-type":"","background-media":"","overlay-type":"","overlay-color":"","overlay-opacity":"","overlay-gradient":""},"mobile":{"background-color":"","background-image":"","background-repeat":"repeat","background-position":"center center","background-size":"auto","background-attachment":"scroll","background-type":"","background-media":"","overlay-type":"","overlay-color":"","overlay-opacity":"","overlay-gradient":""}},"ast-content-background-meta":{"desktop":{"background-color":"var(--ast-global-color-5)","background-image":"","background-repeat":"repeat","background-position":"center center","background-size":"auto","background-attachment":"scroll","background-type":"","background-media":"","overlay-type":"","overlay-color":"","overlay-opacity":"","overlay-gradient":""},"tablet":{"background-color":"var(--ast-global-color-5)","background-image":"","background-repeat":"repeat","background-position":"center center","background-size":"auto","background-attachment":"scroll","background-type":"","background-media":"","overlay-type":"","overlay-color":"","overlay-opacity":"","overlay-gradient":""},"mobile":{"background-color":"var(--ast-global-color-5)","background-image":"","background-repeat":"repeat","background-position":"center center","background-size":"auto","background-attachment":"scroll","background-type":"","background-media":"","overlay-type":"","overlay-color":"","overlay-opacity":"","overlay-gradient":""}},"footnotes":""},"class_list":["post-645","page","type-page","status-publish","hentry"],"_links":{"self":[{"href":"https:\/\/myoalert.com\/en\/wp-json\/wp\/v2\/pages\/645","targetHints":{"allow":["GET"]}}],"collection":[{"href":"https:\/\/myoalert.com\/en\/wp-json\/wp\/v2\/pages"}],"about":[{"href":"https:\/\/myoalert.com\/en\/wp-json\/wp\/v2\/types\/page"}],"author":[{"embeddable":true,"href":"https:\/\/myoalert.com\/en\/wp-json\/wp\/v2\/users\/2"}],"replies":[{"embeddable":true,"href":"https:\/\/myoalert.com\/en\/wp-json\/wp\/v2\/comments?post=645"}],"version-history":[{"count":31,"href":"https:\/\/myoalert.com\/en\/wp-json\/wp\/v2\/pages\/645\/revisions"}],"predecessor-version":[{"id":1128,"href":"https:\/\/myoalert.com\/en\/wp-json\/wp\/v2\/pages\/645\/revisions\/1128"}],"wp:attachment":[{"href":"https:\/\/myoalert.com\/en\/wp-json\/wp\/v2\/media?parent=645"}],"curies":[{"name":"wp","href":"https:\/\/api.w.org\/{rel}","templated":true}]}}