{"id":1834,"date":"2025-12-23T13:15:20","date_gmt":"2025-12-23T12:15:20","guid":{"rendered":"https:\/\/myoalert.com\/?post_type=product&#038;p=1834"},"modified":"2026-01-04T13:51:05","modified_gmt":"2026-01-04T12:51:05","slug":"myoalert","status":"publish","type":"product","link":"https:\/\/myoalert.com\/en\/product\/myoalert\/","title":{"rendered":"MyoAlert &#8211; Contacteur musculaire"},"content":{"rendered":"<div data-elementor-type=\"product-post\" data-elementor-id=\"1834\" class=\"elementor elementor-1834\" data-elementor-post-type=\"product\">\n\t\t\t\t<div class=\"elementor-element elementor-element-1bcd3702 e-flex e-con-boxed e-con e-parent\" data-id=\"1bcd3702\" data-element_type=\"container\" data-e-type=\"container\">\n\t\t\t\t\t<div class=\"e-con-inner\">\n\t\t\t\t<div class=\"elementor-element elementor-element-2c05fc3 elementor-widget__width-inherit elementor-widget elementor-widget-text-editor\" data-id=\"2c05fc3\" data-element_type=\"widget\" data-e-type=\"widget\" data-widget_type=\"text-editor.default\">\n\t\t\t\t<div class=\"elementor-widget-container\">\n\t\t\t\t\t\t\t\t\t<p data-start=\"546\" data-end=\"743\"><strong data-start=\"546\" data-end=\"607\">Contacteur musculaire MyoAlert<\/strong><br data-start=\"607\" data-end=\"610\">Un micro-mouvement suffit. MyoAlert transforme une tr\u00e8s faible contraction en rep\u00e8re fiable au quotidien, <strong data-start=\"717\" data-end=\"742\">sans bouton \u00e0 presser<\/strong>.<\/p>\n<h3 data-start=\"745\" data-end=\"768\">Inclus dans le pack<\/h3>\n<ul data-start=\"769\" data-end=\"916\">\n<li data-start=\"769\" data-end=\"795\">\n<p data-start=\"771\" data-end=\"795\"><strong data-start=\"771\" data-end=\"793\">1 bo\u00eetier MyoAlert<\/strong><\/p>\n<\/li>\n<li data-start=\"796\" data-end=\"839\">\n<p data-start=\"798\" data-end=\"839\"><strong data-start=\"798\" data-end=\"811\">1 capteur<\/strong> + accessoires de fixation<\/p>\n<\/li>\n<li data-start=\"796\" data-end=\"839\">\n<p data-start=\"798\" data-end=\"839\"><b>1 carillon<\/b><\/p>\n<\/li>\n<li data-start=\"869\" data-end=\"916\">\n<p data-start=\"871\" data-end=\"916\"><strong data-start=\"871\" data-end=\"895\">Guide d\u2019installation<\/strong> + assistance (visio)<\/p>\n<\/li>\n<\/ul>\n<h3 data-start=\"918\" data-end=\"952\">Ajouter \u00e0 votre pack (options)<\/h3>\n<ul data-start=\"953\" data-end=\"1258\">\n<li data-start=\"953\" data-end=\"1038\">\n<p data-start=\"955\" data-end=\"1038\"><strong data-start=\"955\" data-end=\"989\">Carillon suppl\u00e9mentaire (29 \u20ac)<\/strong> : un second point d\u2019\u00e9coute (cuisine, couloir).<\/p>\n<\/li>\n<li data-start=\"1039\" data-end=\"1114\">\n<p data-start=\"1041\" data-end=\"1114\"><strong data-start=\"1041\" data-end=\"1071\">Prise t\u00e9l\u00e9command\u00e9e (29 \u20ac)<\/strong> : allume une lampe comme rep\u00e8re discret.<\/p>\n<\/li>\n<li data-start=\"1115\" data-end=\"1258\">\n<p data-start=\"1117\" data-end=\"1258\"><strong data-start=\"1117\" data-end=\"1141\">C\u00e2ble jack 2 m (5 \u20ac)<\/strong> : pour connecter comme un contacteur traditionnel.<\/p>\n<\/li>\n<\/ul>\n<p data-start=\"1117\" data-end=\"1258\"><em data-start=\"1186\" data-end=\"1258\">Les options sont disponibles uniquement avec l\u2019achat du pack MyoAlert.<\/em><\/p>\n<h3 data-start=\"1260\" data-end=\"1274\">Pour qui ?<\/h3>\n<p data-start=\"1275\" data-end=\"1506\">For <strong data-start=\"1284\" data-end=\"1308\">personnes paralys\u00e9es<\/strong>, leurs <strong data-start=\"1316\" data-end=\"1327\">aidants<\/strong> et les <strong data-start=\"1335\" data-end=\"1353\">\u00e9tablissements<\/strong>. Utile notamment en cas de <strong data-start=\"1381\" data-end=\"1409\">SLA (Maladie de Charcot)<\/strong>, suites d\u2019<strong data-start=\"1420\" data-end=\"1427\">AVC<\/strong>, <strong data-start=\"1429\" data-end=\"1442\">Locked-In<\/strong> ou <strong data-start=\"1446\" data-end=\"1462\">t\u00e9trapl\u00e9gies<\/strong>, lorsque des micro-contractions subsistent.<\/p>\n<h3 data-start=\"1508\" data-end=\"1542\">Comment \u00e7a marche (simplement)<\/h3>\n<ol data-start=\"1543\" data-end=\"1738\">\n<li data-start=\"1543\" data-end=\"1613\">\n<p data-start=\"1546\" data-end=\"1613\"><strong data-start=\"1546\" data-end=\"1558\">D\u00e9tecter<\/strong> une micro-contraction l\u00e0 o\u00f9 elle est la plus fiable.<\/p>\n<\/li>\n<li data-start=\"1614\" data-end=\"1671\">\n<p data-start=\"1617\" data-end=\"1671\"><strong data-start=\"1617\" data-end=\"1627\">R\u00e9gler<\/strong> la sensibilit\u00e9 et <strong data-start=\"1646\" data-end=\"1668\">1\/2\/3 contractions<\/strong>.<\/p>\n<\/li>\n<li data-start=\"1672\" data-end=\"1738\">\n<p data-start=\"1675\" data-end=\"1738\"><strong data-start=\"1675\" data-end=\"1687\">Utiliser<\/strong> au quotidien (carillon\/lumi\u00e8re\/prise \u00e0 proximit\u00e9).<\/p>\n<\/li>\n<\/ol>\n<h3 data-start=\"1740\" data-end=\"1767\">Livraison &amp; apr\u00e8s-achat<\/h3>\n<p data-start=\"1768\" data-end=\"1963\">Exp\u00e9dition sous <b>48h<\/b>. Possibilit\u00e9 d\u2019<strong data-start=\"1820\" data-end=\"1849\">assistance d\u2019installation<\/strong> (visio) pour placer le capteur et tester les r\u00e9glages.<br data-start=\"1904\" data-end=\"1907\">La <strong data-start=\"1910\" data-end=\"1921\">facture<\/strong> est envoy\u00e9e <strong data-start=\"1934\" data-end=\"1948\">par e-mail<\/strong> apr\u00e8s l\u2019achat.<\/p>\n<h3 data-start=\"1965\" data-end=\"1978\">Important<\/h3>\n<p data-start=\"1979\" data-end=\"2247\">MyoAlert est un <strong data-start=\"1995\" data-end=\"2020\">contacteur musculaire<\/strong> qui d\u00e9clenche un carillon sans fil. Ce <strong data-start=\"2087\" data-end=\"2100\">n\u2019est pas<\/strong> une alarme sociale\/m\u00e9dicale.<\/p>\t\t\t\t\t\t\t\t<\/div>\n\t\t\t\t<\/div>\n\t\t\t\t\t<\/div>\n\t\t\t\t<\/div>\n\t\t\t\t<\/div>","protected":false},"excerpt":{"rendered":"<p><strong data-start=\"254\" data-end=\"308\">Pack complet : 1 bo\u00eetier + 1 capteur + 1 carillon<\/strong><br data-start=\"308\" data-end=\"311\" \/>Se faire entendre d\u2019un <strong data-start=\"336\" data-end=\"355\">micro-mouvement<\/strong>, sans bouton \u00e0 presser. R\u00e9glages simples, assistance \u00e0 l\u2019installation.<br \/>\n<strong data-start=\"427\" data-end=\"449\">TVA 5,5 % incluse.<\/strong><\/p>","protected":false},"featured_media":1149,"comment_status":"open","ping_status":"closed","template":"","meta":{"site-sidebar-layout":"default","site-content-layout":"","ast-site-content-layout":"full-width-container","site-content-style":"default","site-sidebar-style":"default","ast-global-header-display":"","ast-banner-title-visibility":"","ast-main-header-display":"","ast-hfb-above-header-display":"","ast-hfb-below-header-display":"","ast-hfb-mobile-header-display":"","site-post-title":"","ast-breadcrumbs-content":"","ast-featured-img":"","footer-sml-layout":"","ast-disable-related-posts":"","theme-transparent-header-meta":"default","adv-header-id-meta":"","stick-header-meta":"","header-above-stick-meta":"","header-main-stick-meta":"","header-below-stick-meta":"","astra-migrate-meta-layouts":"set","ast-page-background-enabled":"default","ast-page-background-meta":{"desktop":{"background-color":"var(--ast-global-color-4)","background-image":"","background-repeat":"repeat","background-position":"center center","background-size":"auto","background-attachment":"scroll","background-type":"","background-media":"","overlay-type":"","overlay-color":"","overlay-opacity":"","overlay-gradient":""},"tablet":{"background-color":"","background-image":"","background-repeat":"repeat","background-position":"center center","background-size":"auto","background-attachment":"scroll","background-type":"","background-media":"","overlay-type":"","overlay-color":"","overlay-opacity":"","overlay-gradient":""},"mobile":{"background-color":"","background-image":"","background-repeat":"repeat","background-position":"center center","background-size":"auto","background-attachment":"scroll","background-type":"","background-media":"","overlay-type":"","overlay-color":"","overlay-opacity":"","overlay-gradient":""}},"ast-content-background-meta":{"desktop":{"background-color":"var(--ast-global-color-5)","background-image":"","background-repeat":"repeat","background-position":"center center","background-size":"auto","background-attachment":"scroll","background-type":"","background-media":"","overlay-type":"","overlay-color":"","overlay-opacity":"","overlay-gradient":""},"tablet":{"background-color":"var(--ast-global-color-5)","background-image":"","background-repeat":"repeat","background-position":"center center","background-size":"auto","background-attachment":"scroll","background-type":"","background-media":"","overlay-type":"","overlay-color":"","overlay-opacity":"","overlay-gradient":""},"mobile":{"background-color":"var(--ast-global-color-5)","background-image":"","background-repeat":"repeat","background-position":"center center","background-size":"auto","background-attachment":"scroll","background-type":"","background-media":"","overlay-type":"","overlay-color":"","overlay-opacity":"","overlay-gradient":""}}},"product_brand":[],"product_cat":[42],"product_tag":[40],"class_list":{"0":"post-1834","1":"product","2":"type-product","3":"status-publish","4":"has-post-thumbnail","6":"product_cat-contacteur-musculaire","7":"product_tag-contacteur","8":"desktop-align-left","9":"tablet-align-left","10":"mobile-align-left","12":"first","13":"instock","14":"taxable","15":"shipping-taxable","16":"purchasable","17":"product-type-simple"},"_links":{"self":[{"href":"https:\/\/myoalert.com\/en\/wp-json\/wp\/v2\/product\/1834","targetHints":{"allow":["GET"]}}],"collection":[{"href":"https:\/\/myoalert.com\/en\/wp-json\/wp\/v2\/product"}],"about":[{"href":"https:\/\/myoalert.com\/en\/wp-json\/wp\/v2\/types\/product"}],"replies":[{"embeddable":true,"href":"https:\/\/myoalert.com\/en\/wp-json\/wp\/v2\/comments?post=1834"}],"version-history":[{"count":34,"href":"https:\/\/myoalert.com\/en\/wp-json\/wp\/v2\/product\/1834\/revisions"}],"predecessor-version":[{"id":1996,"href":"https:\/\/myoalert.com\/en\/wp-json\/wp\/v2\/product\/1834\/revisions\/1996"}],"wp:featuredmedia":[{"embeddable":true,"href":"https:\/\/myoalert.com\/en\/wp-json\/wp\/v2\/media\/1149"}],"wp:attachment":[{"href":"https:\/\/myoalert.com\/en\/wp-json\/wp\/v2\/media?parent=1834"}],"wp:term":[{"taxonomy":"product_brand","embeddable":true,"href":"https:\/\/myoalert.com\/en\/wp-json\/wp\/v2\/product_brand?post=1834"},{"taxonomy":"product_cat","embeddable":true,"href":"https:\/\/myoalert.com\/en\/wp-json\/wp\/v2\/product_cat?post=1834"},{"taxonomy":"product_tag","embeddable":true,"href":"https:\/\/myoalert.com\/en\/wp-json\/wp\/v2\/product_tag?post=1834"}],"curies":[{"name":"wp","href":"https:\/\/api.w.org\/{rel}","templated":true}]}}